{"id":6054,"date":"2025-06-08T04:07:18","date_gmt":"2025-06-08T04:07:18","guid":{"rendered":"https:\/\/demo.bravisthemes.com\/patholab\/?post_type=product&#038;p=6054"},"modified":"2025-06-08T18:50:18","modified_gmt":"2025-06-08T18:50:18","slug":"uyusturucu-test-kiti-yuzey-testi","status":"publish","type":"product","link":"https:\/\/foryoutag.com.tr\/en\/order\/genel\/uyusturucu-test-kiti-yuzey-testi\/","title":{"rendered":"Uyu\u015fturucu Test Kiti (Y\u00dcZEY TEST\u0130)"},"content":{"rendered":"<p data-sourcepos=\"19:1-20:446\">Uyu\u015fturucu Test Kiti ile \u015f\u00fcpheli y\u00fczeylerdeki uyu\u015fturucu madde kal\u0131nt\u0131lar\u0131n\u0131 h\u0131zla ve g\u00fcvenilir bir \u015fekilde tespit edin! Geli\u015ftirdi\u011fimiz hassas imm\u00fcnolojik testler, masalar, e\u015fyalar, ara\u00e7 i\u00e7leri gibi potansiyel temas alanlar\u0131nda bulunabilecek mikroskobik uyu\u015fturucu izlerini e\u015f zamanl\u0131 ve kalitatif olarak belirlemenize olanak tan\u0131r. Saniyeler i\u00e7inde do\u011fru ve g\u00fcvenilir \u00f6n de\u011ferlendirme sonu\u00e7lar\u0131 alarak, \u00e7evrenizin g\u00fcvenli\u011fini art\u0131r\u0131n.<\/p>\n<p data-sourcepos=\"22:1-22:27\"><strong>Tespit Edilen Maddeler:<\/strong><\/p>\n<ul data-sourcepos=\"23:1-32:0\">\n<li data-sourcepos=\"23:1-23:16\">Fentanyl (FYL)<\/li>\n<li data-sourcepos=\"24:1-24:16\">Ketamine (KET)<\/li>\n<li data-sourcepos=\"25:1-25:34\">Lysergic Acid Diethylamide (LSD)<\/li>\n<li data-sourcepos=\"26:1-26:16\">Ecstasy (MDMA)<\/li>\n<li data-sourcepos=\"27:1-27:35\">Methylenedioxypyrovalerone (MDPV)<\/li>\n<li data-sourcepos=\"28:1-28:23\">Methamphetamine (MET)<\/li>\n<li data-sourcepos=\"29:1-29:16\">Morphine (MOP)<\/li>\n<li data-sourcepos=\"30:1-30:17\">Methadone (MTD)<\/li>\n<li data-sourcepos=\"31:1-32:0\">Opiates (OPI)<\/li>\n<\/ul>\n<p data-sourcepos=\"33:1-33:30\"><strong>Neden TAG Y\u00fczey Test Kiti?<\/strong><\/p>\n<ul data-sourcepos=\"34:1-39:0\">\n<li data-sourcepos=\"34:1-34:100\"><strong>Hassas Kal\u0131nt\u0131 Tespit:<\/strong> G\u00f6zle g\u00f6r\u00fclemeyen uyu\u015fturucu izlerini bile y\u00fcksek do\u011frulukla belirleme.<\/li>\n<li data-sourcepos=\"35:1-35:62\"><strong>H\u0131zl\u0131 Sonu\u00e7:<\/strong> Dakikalar i\u00e7inde net ve g\u00fcvenilir sonu\u00e7lar.<\/li>\n<li data-sourcepos=\"36:1-36:79\"><strong>Y\u00fcksek Do\u011fruluk:<\/strong> %98,50&#8217;nin \u00fczerinde ortalama do\u011fruluk oran\u0131 ile g\u00fcvence.<\/li>\n<li data-sourcepos=\"37:1-37:98\"><strong>Kolay Kullan\u0131m:<\/strong> Y\u00fczeyden s\u00fcr\u00fcnt\u00fc \u00f6rne\u011fi alma ve uygulama ad\u0131mlar\u0131 sayesinde pratik kullan\u0131m.<\/li>\n<li data-sourcepos=\"38:1-39:0\"><strong>Non-\u0130nvaziv:<\/strong> Herhangi bir \u015f\u00fcpheliye do\u011frudan temas gerektirmeyen y\u00fczey testi.<\/li>\n<\/ul>\n<p data-sourcepos=\"40:1-40:27\"><strong>Baz\u0131 Kullan\u0131m Alanlar\u0131:<\/strong><\/p>\n<ul data-sourcepos=\"41:1-45:0\">\n<li data-sourcepos=\"41:1-41:65\">G\u00fcmr\u00fck Kap\u0131lar\u0131 ve S\u0131n\u0131r Kontrolleri (paketler, ara\u00e7 y\u00fczeyleri)<\/li>\n<li data-sourcepos=\"42:1-42:71\">Narkotik ve Kolluk Kuvvetleri (arama yap\u0131lan mekanlar, delil tespiti)<\/li>\n<li data-sourcepos=\"43:1-43:59\">\u0130\u015f Yerleri ve Kurumsal G\u00fcvenlik (ortak kullan\u0131m alanlar\u0131)<\/li>\n<li data-sourcepos=\"44:1-45:0\">Evde Bireysel Kullan\u0131m (\u015f\u00fcpheli alanlar)<\/li>\n<\/ul>\n<p data-sourcepos=\"46:1-46:129\">TAG Savunma g\u00fcvencesiyle, g\u00f6r\u00fcnmez tehlikelere kar\u015f\u0131 proaktif ad\u0131mlar atmak i\u00e7in Y\u00fczey Uyu\u015fturucu Test Kitini tercih edin!<\/p>\n","protected":false},"excerpt":{"rendered":"<p>Uyu\u015fturucu Test Kiti ile \u015f\u00fcpheli y\u00fczeylerdeki uyu\u015fturucu madde kal\u0131nt\u0131lar\u0131n\u0131 h\u0131zla ve g\u00fcvenilir bir \u015fekilde tespit edin! Geli\u015ftirdi\u011fimiz hassas imm\u00fcnolojik testler, masalar, e\u015fyalar, ara\u00e7 i\u00e7leri gibi potansiyel temas alanlar\u0131nda bulunabilecek mikroskobik uyu\u015fturucu izlerini e\u015f zamanl\u0131 ve kalitatif olarak belirlemenize olanak tan\u0131r. Saniyeler i\u00e7inde do\u011fru ve g\u00fcvenilir \u00f6n de\u011ferlendirme sonu\u00e7lar\u0131 alarak, \u00e7evrenizin g\u00fcvenli\u011fini art\u0131r\u0131n.<\/p>\n","protected":false},"featured_media":12045,"comment_status":"open","ping_status":"closed","template":"","meta":[],"product_brand":[64],"product_cat":[62],"product_tag":[],"class_list":{"0":"post-6054","1":"product","2":"type-product","3":"status-publish","4":"has-post-thumbnail","6":"product_brand-tag","7":"product_cat-genel","9":"first","10":"instock","11":"shipping-taxable","12":"purchasable","13":"product-type-simple"},"_links":{"self":[{"href":"https:\/\/foryoutag.com.tr\/en\/wp-json\/wp\/v2\/product\/6054","targetHints":{"allow":["GET"]}}],"collection":[{"href":"https:\/\/foryoutag.com.tr\/en\/wp-json\/wp\/v2\/product"}],"about":[{"href":"https:\/\/foryoutag.com.tr\/en\/wp-json\/wp\/v2\/types\/product"}],"replies":[{"embeddable":true,"href":"https:\/\/foryoutag.com.tr\/en\/wp-json\/wp\/v2\/comments?post=6054"}],"wp:featuredmedia":[{"embeddable":true,"href":"https:\/\/foryoutag.com.tr\/en\/wp-json\/wp\/v2\/media\/12045"}],"wp:attachment":[{"href":"https:\/\/foryoutag.com.tr\/en\/wp-json\/wp\/v2\/media?parent=6054"}],"wp:term":[{"taxonomy":"product_brand","embeddable":true,"href":"https:\/\/foryoutag.com.tr\/en\/wp-json\/wp\/v2\/product_brand?post=6054"},{"taxonomy":"product_cat","embeddable":true,"href":"https:\/\/foryoutag.com.tr\/en\/wp-json\/wp\/v2\/product_cat?post=6054"},{"taxonomy":"product_tag","embeddable":true,"href":"https:\/\/foryoutag.com.tr\/en\/wp-json\/wp\/v2\/product_tag?post=6054"}],"curies":[{"name":"wp","href":"https:\/\/api.w.org\/{rel}","templated":true}]}}