{"id":1292,"date":"2023-09-01T14:36:36","date_gmt":"2023-09-01T14:36:36","guid":{"rendered":"https:\/\/demo.bravisthemes.com\/patholab\/contact-copy\/"},"modified":"2026-02-25T11:29:26","modified_gmt":"2026-02-25T11:29:26","slug":"contact","status":"publish","type":"page","link":"https:\/\/foryoutag.com.tr\/en\/contact\/","title":{"rendered":"Contact"},"content":{"rendered":"\t\t<div data-elementor-type=\"wp-page\" data-elementor-id=\"1292\" class=\"elementor elementor-1292\" data-elementor-post-type=\"page\">\n\t\t\t\t        <section class=\"elementor-section elementor-top-section elementor-element elementor-element-9f2df71 elementor-section-boxed elementor-section-height-default elementor-section-height-default pxl-type-header-none pxl-row-scroll-none\" data-id=\"9f2df71\" data-element_type=\"section\" data-settings=\"{&quot;background_background&quot;:&quot;classic&quot;}\">\n\n                \n                <div class=\"elementor-container elementor-column-gap-extended \">\n                <div class=\"elementor-column elementor-col-100 elementor-top-column elementor-element elementor-element-1760c49 pxl-column-element-default pxl-column-none\" data-id=\"1760c49\" data-element_type=\"column\">\r\n        <div class=\"elementor-widget-wrap elementor-element-populated\">\r\n                     \r\n                <section class=\"elementor-section elementor-inner-section elementor-element elementor-element-335fa57 elementor-section-boxed elementor-section-height-default elementor-section-height-default pxl-type-header-none pxl-row-scroll-none\" data-id=\"335fa57\" data-element_type=\"section\">\n\n                \n                <div class=\"elementor-container elementor-column-gap-extended \">\n                <div class=\"elementor-column elementor-col-100 elementor-inner-column elementor-element elementor-element-6ba59a9 pxl-column-element-default pxl-column-none\" data-id=\"6ba59a9\" data-element_type=\"column\">\r\n        <div class=\"elementor-widget-wrap elementor-element-populated\">\r\n                     \r\n        \t\t<div class=\"elementor-element elementor-element-365bb8d elementor-widget elementor-widget-pxl_contact_info\" data-id=\"365bb8d\" data-element_type=\"widget\" data-widget_type=\"pxl_contact_info.default\">\n\t\t\t\t<div class=\"elementor-widget-container\">\n\t\t\t\t\t<div class=\"pxl-contact-info wow skewIn\" data-wow-delay=\"200ms\">\r\n            <h3 class=\"pxl-title pxl-title-box el-empty\">\r\n            <span>Central Office<\/span>\r\n        <\/h3>  \r\n        <div class=\"inner-box\">\r\n        <div class=\"pxl-box-adress\">\r\n                            <div class=\"pxl-title pxl-adress-title\">\r\n                    Our Address                <\/div>\r\n                                        <div class=\"pxl-adress-content\">\r\n                    <i class=\"caseicon caseicon-map\"><\/i>\r\n                                            K\u0131z\u0131lca\u015far Neighborhood, 1213 Street No:13-A, G\u00f6lba\u015f\u0131 - Ankara \/ TURKEY                                    <\/div>\r\n                    <\/div>\r\n                    <div class=\"pxl-box-row\">\r\n                <div class=\"pxl-title pxl-row-title\">\r\n                    Contact Information                <\/div>\r\n                <ul class=\"pxl-list-row\">\r\n                                                <li>\r\n                                <a href=\"mailto:info@foryoutag.com\">\r\n                                    <i aria-hidden=\"true\" class=\"fal fa-envelope\"><\/i>                                    <span>info@foryoutag.com<\/span>\r\n                                <\/a>\r\n                            <\/li>\r\n                                                <li>\r\n                                <a href=\"tel:+903129112670\">\r\n                                    <i aria-hidden=\"true\" class=\"icomoon icomoon-patholab-phone3\"><\/i>                                    <span>+90 312 911 2670<\/span>\r\n                                <\/a>\r\n                            <\/li>\r\n                                    <\/ul>\r\n            <\/div>\r\n                            <div class=\"pxl-box-time\">\r\n                <div class=\"pxl-icon-time\">\r\n                    <i class=\"caseicon caseicon-time\"><\/i>\r\n                <\/div>\r\n                <div class=\"pxl-time-body\">\r\n                                            <div class=\"pxl-title pxl-time-title\">\r\n                            Working Hours                        <\/div>\r\n                                                                <div class=\"pxl-time-content\">\r\n                            Mon - Fri: 9:00 AM - 6:00 PM\n<cite>Sat - Sun: Closed<\/cite>                        <\/div>\r\n                                    <\/div>\r\n            <\/div>\r\n            <\/div>\r\n<\/div>\r\n\t\t\t\t<\/div>\n\t\t\t\t<\/div>\n\t\t            <\/div>\r\n        <\/div>\r\n        \t\t\t<\/div>\n\t\t<\/section>\n\t\t            <\/div>\r\n        <\/div>\r\n        \t\t\t<\/div>\n\t\t<\/section>\n\t\t        <section class=\"elementor-section elementor-top-section elementor-element elementor-element-5a39f5c elementor-section-full_width elementor-section-stretched elementor-section-height-default elementor-section-height-default pxl-type-header-none pxl-section-offset-none pxl-row-scroll-none\" data-id=\"5a39f5c\" data-element_type=\"section\" data-settings=\"{&quot;stretch_section&quot;:&quot;section-stretched&quot;}\">\n\n                \n                <div class=\"elementor-container elementor-column-gap-no \">\n                <div class=\"elementor-column elementor-col-100 elementor-top-column elementor-element elementor-element-fd2aa25 pxl-column-element-default pxl-column-none\" data-id=\"fd2aa25\" data-element_type=\"column\">\r\n        <div class=\"elementor-widget-wrap elementor-element-populated\">\r\n                     \r\n        \t\t<div class=\"elementor-element elementor-element-d258b4e elementor-widget elementor-widget-google_maps\" data-id=\"d258b4e\" data-element_type=\"widget\" data-widget_type=\"google_maps.default\">\n\t\t\t\t<div class=\"elementor-widget-container\">\n\t\t\t\t\t\t\t<div class=\"elementor-custom-embed\">\n\t\t\t<iframe loading=\"lazy\"\n\t\t\t\t\tsrc=\"https:\/\/maps.google.com\/maps?q=K%C4%B1z%C4%B1lca%C5%9Far%20Mahallesi%201213%20Sokak%20No%3A13-A%20G%C3%B6lba%C5%9F%C4%B1%20-%20Ankara&#038;t=m&#038;z=17&#038;output=embed&#038;iwloc=near\"\n\t\t\t\t\ttitle=\"K\u0131z\u0131lca\u015far Mahallesi 1213 Sokak No:13-A G\u00f6lba\u015f\u0131 - Ankara\"\n\t\t\t\t\taria-label=\"K\u0131z\u0131lca\u015far Mahallesi 1213 Sokak No:13-A G\u00f6lba\u015f\u0131 - Ankara\"\n\t\t\t><\/iframe>\n\t\t<\/div>\n\t\t\t\t\t\t<\/div>\n\t\t\t\t<\/div>\n\t\t            <\/div>\r\n        <\/div>\r\n        \t\t\t<\/div>\n\t\t<\/section>\n\t\t        <section class=\"elementor-section elementor-top-section elementor-element elementor-element-340fa18 elementor-section-boxed elementor-section-height-default elementor-section-height-default pxl-type-header-none pxl-row-scroll-none\" data-id=\"340fa18\" data-element_type=\"section\" data-settings=\"{&quot;background_background&quot;:&quot;classic&quot;}\">\n\n                            <div class=\"elementor-background-overlay\"><\/div>\n            \n                <div class=\"elementor-container elementor-column-gap-extended \">\n                <div class=\"elementor-column elementor-col-100 elementor-top-column elementor-element elementor-element-a839ff7 pxl-column-element-default pxl-column-none\" data-id=\"a839ff7\" data-element_type=\"column\">\r\n        <div class=\"elementor-widget-wrap elementor-element-populated\">\r\n                     \r\n        \t\t<div class=\"elementor-element elementor-element-e8b6e6e elementor-widget elementor-widget-pxl_heading\" data-id=\"e8b6e6e\" data-element_type=\"widget\" data-widget_type=\"pxl_heading.default\">\n\t\t\t\t<div class=\"elementor-widget-container\">\n\t\t\t\t\t<div class=\"pxl-heading\">\n\t<div class=\"pxl-heading--inner\">\n\t\t\t\t\t<div class=\"pxl-item--subtitle \" data-wow-delay=\"ms\">\n\t\t\t\t<span>For Support and Consultancy<\/span>\n\t\t\t<\/div>\n\t\t\t\t<h3 class=\"pxl-item--title \" data-wow-delay=\"ms\">\n\t\t\tWrite to Us\t\t\n\t\t<\/h3>\n\t\t\t<\/div>\n<\/div>\t\t\t\t<\/div>\n\t\t\t\t<\/div>\n\t\t\t\t<div class=\"elementor-element elementor-element-25ea7ec elementor-widget__width-auto elementor-widget elementor-widget-pxl_contact_form\" data-id=\"25ea7ec\" data-element_type=\"widget\" data-widget_type=\"pxl_contact_form.default\">\n\t\t\t\t<div class=\"elementor-widget-container\">\n\t\t\t\t\t    <div class=\"pxl-contact-form pxl-contact-form1 btn-default btn-w-auto \" data-wow-delay=\"ms\">\r\n        \n<div class=\"wpcf7 no-js\" id=\"wpcf7-f6-o1\" lang=\"en-US\" dir=\"ltr\" data-wpcf7-id=\"6\">\n<div class=\"screen-reader-response\"><p role=\"status\" aria-live=\"polite\" aria-atomic=\"true\"><\/p> <ul><\/ul><\/div>\n<form action=\"\/en\/wp-json\/wp\/v2\/pages\/1292#wpcf7-f6-o1\" method=\"post\" class=\"wpcf7-form init\" aria-label=\"Contact form\" novalidate=\"novalidate\" data-status=\"init\">\n<fieldset class=\"hidden-fields-container\"><input type=\"hidden\" name=\"_wpcf7\" value=\"6\" \/><input type=\"hidden\" name=\"_wpcf7_version\" value=\"6.1.2\" \/><input type=\"hidden\" name=\"_wpcf7_locale\" value=\"en_US\" \/><input type=\"hidden\" name=\"_wpcf7_unit_tag\" value=\"wpcf7-f6-o1\" \/><input type=\"hidden\" name=\"_wpcf7_container_post\" value=\"0\" \/><input type=\"hidden\" name=\"_wpcf7_posted_data_hash\" value=\"\" \/>\n<\/fieldset>\n<div class=\"wp-row-ctf7\">\n\t<div class=\"row input-contact\">\n\t\t<div class=\"col-xl-6 col-lg-6 col-md-6 col-sm-12\">\n\t\t\t<div class=\"input-filled\">\n\t\t\t\t<p><span class=\"wpcf7-form-control-wrap\" data-name=\"your-name\"><input size=\"40\" maxlength=\"400\" class=\"wpcf7-form-control wpcf7-text wpcf7-validates-as-required\" autocomplete=\"name\" aria-required=\"true\" aria-invalid=\"false\" placeholder=\"Name and Surname*\" value=\"\" type=\"text\" name=\"your-name\" \/><\/span>\n\t\t\t\t<\/p>\n\t\t\t<\/div>\n\t\t<\/div>\n\t\t<div class=\"col-xl-6 col-lg-6 col-md-6 col-sm-12\">\n\t\t\t<div class=\"input-filled\">\n\t\t\t\t<p><span class=\"wpcf7-form-control-wrap\" data-name=\"your-phone\"><input size=\"40\" maxlength=\"400\" class=\"wpcf7-form-control wpcf7-text wpcf7-validates-as-required\" aria-required=\"true\" aria-invalid=\"false\" placeholder=\"Your Phone Number\" value=\"\" type=\"text\" name=\"your-phone\" \/><\/span>\n\t\t\t\t<\/p>\n\t\t\t<\/div>\n\t\t<\/div>\n\t\t<div class=\"col-xl-6 col-lg-6 col-md-6 col-sm-12\">\n\t\t\t<div class=\"input-filled\">\n\t\t\t\t<p><span class=\"wpcf7-form-control-wrap\" data-name=\"your-email\"><input size=\"40\" maxlength=\"400\" class=\"wpcf7-form-control wpcf7-email wpcf7-validates-as-required wpcf7-text wpcf7-validates-as-email\" autocomplete=\"email\" aria-required=\"true\" aria-invalid=\"false\" placeholder=\"Email*\" value=\"\" type=\"email\" name=\"your-email\" \/><\/span>\n\t\t\t\t<\/p>\n\t\t\t<\/div>\n\t\t<\/div>\n\t\t<div class=\"col-xl-6 col-lg-6 col-md-6 col-sm-12\">\n\t\t\t<div class=\"input-filled\">\n\t\t\t\t<p><span class=\"wpcf7-form-control-wrap\" data-name=\"text-664\"><input size=\"40\" maxlength=\"400\" class=\"wpcf7-form-control wpcf7-text wpcf7-validates-as-required\" aria-required=\"true\" aria-invalid=\"false\" placeholder=\"Subject*\" value=\"\" type=\"text\" name=\"text-664\" \/><\/span>\n\t\t\t\t<\/p>\n\t\t\t<\/div>\n\t\t<\/div>\n\t\t<div class=\"col-xl-12 col-lg-12 col-md-12 col-sm-12\">\n\t\t\t<div class=\"input-filled\">\n\t\t\t\t<p><span class=\"wpcf7-form-control-wrap\" data-name=\"textarea-571\"><textarea cols=\"40\" rows=\"10\" maxlength=\"2000\" class=\"wpcf7-form-control wpcf7-textarea\" aria-invalid=\"false\" placeholder=\"Your Message\" name=\"textarea-571\"><\/textarea><\/span>\n\t\t\t\t<\/p>\n\t\t\t<\/div>\n\t\t\t<div class=\"input-filled input-filled-btn\">\n\t\t\t\t<p><button class=\"wpcf7-submit\" type=\"submit\"><span>Send Request<\/span><\/button>\n\t\t\t\t<\/p>\n\t\t\t<\/div>\n\t\t<\/div>\n\t<\/div>\n<\/div><div class=\"wpcf7-response-output\" aria-hidden=\"true\"><\/div>\n<\/form>\n<\/div>\n    <\/div>\r\n\t\t\t\t<\/div>\n\t\t\t\t<\/div>\n\t\t            <\/div>\r\n        <\/div>\r\n        \t\t\t<\/div>\n\t\t<\/section>\n\t\t\t\t<\/div>\n\t\t","protected":false},"excerpt":{"rendered":"<p>Central Office Our Address K\u0131z\u0131lca\u015far Neighborhood, 1213 Street No:13-A, G\u00f6lba\u015f\u0131 &#8211; Ankara \/ TURKEY Contact Information info@foryoutag.com +90 312 911 2670 Working Hours Mon &#8211; Fri: 9:00 AM &#8211; 6:00 PM Sat &#8211; Sun: Closed For Support and Consultancy Write to Us Send Request<\/p>\n","protected":false},"author":1,"featured_media":0,"parent":0,"menu_order":0,"comment_status":"closed","ping_status":"closed","template":"","meta":{"footnotes":""},"class_list":["post-1292","page","type-page","status-publish","hentry"],"_links":{"self":[{"href":"https:\/\/foryoutag.com.tr\/en\/wp-json\/wp\/v2\/pages\/1292","targetHints":{"allow":["GET"]}}],"collection":[{"href":"https:\/\/foryoutag.com.tr\/en\/wp-json\/wp\/v2\/pages"}],"about":[{"href":"https:\/\/foryoutag.com.tr\/en\/wp-json\/wp\/v2\/types\/page"}],"author":[{"embeddable":true,"href":"https:\/\/foryoutag.com.tr\/en\/wp-json\/wp\/v2\/users\/1"}],"replies":[{"embeddable":true,"href":"https:\/\/foryoutag.com.tr\/en\/wp-json\/wp\/v2\/comments?post=1292"}],"version-history":[{"count":17,"href":"https:\/\/foryoutag.com.tr\/en\/wp-json\/wp\/v2\/pages\/1292\/revisions"}],"predecessor-version":[{"id":13286,"href":"https:\/\/foryoutag.com.tr\/en\/wp-json\/wp\/v2\/pages\/1292\/revisions\/13286"}],"wp:attachment":[{"href":"https:\/\/foryoutag.com.tr\/en\/wp-json\/wp\/v2\/media?parent=1292"}],"curies":[{"name":"wp","href":"https:\/\/api.w.org\/{rel}","templated":true}]}}