{"id":12585,"date":"2025-06-02T11:57:03","date_gmt":"2025-06-02T11:57:03","guid":{"rendered":"https:\/\/foryoutag.com.tr\/en\/?page_id=12585"},"modified":"2025-07-18T14:09:12","modified_gmt":"2025-07-18T14:09:12","slug":"privacy-policy","status":"publish","type":"page","link":"https:\/\/foryoutag.com.tr\/en\/privacy-policy\/","title":{"rendered":"Privacy Policy"},"content":{"rendered":"\t\t<div data-elementor-type=\"wp-page\" data-elementor-id=\"12585\" class=\"elementor elementor-12585\" data-elementor-post-type=\"page\">\n\t\t\t\t<div class=\"elementor-element elementor-element-2382ed56 e-flex e-con-boxed e-con e-parent \" data-id=\"2382ed56\" data-element_type=\"container\">\t\t\t<div class=\"e-con-inner\">\r\n\t\t\t\t<div class=\"elementor-element elementor-element-5becbd07 elementor-widget elementor-widget-pxl_text_editor\" data-id=\"5becbd07\" data-element_type=\"widget\" data-widget_type=\"pxl_text_editor.default\">\n\t\t\t\t<div class=\"elementor-widget-container\">\n\t\t\t\t\t<div class=\"pxl-text-editor wow fadeInUp\">\n\t<div class=\"pxl-item--inner \" data-wow-delay=\"ms\">\n\t\t<p data-sourcepos=\"11:1-11:420\"><b class=\"\">Last Updated:<\/b> May 15, 2025<\/p><p data-sourcepos=\"11:1-11:420\"><b class=\"\">Effective Date:<\/b> May 15, 2025<\/p>\t<\/div>\n<\/div>\t\t\t\t<\/div>\n\t\t\t\t<\/div>\n\t\t\t\t<div class=\"elementor-element elementor-element-3cbc3b4 elementor-widget elementor-widget-pxl_text_editor\" data-id=\"3cbc3b4\" data-element_type=\"widget\" data-widget_type=\"pxl_text_editor.default\">\n\t\t\t\t<div class=\"elementor-widget-container\">\n\t\t\t\t\t<div class=\"pxl-text-editor wow fadeInUp\">\n\t<div class=\"pxl-item--inner \" data-wow-delay=\"ms\">\n\t\t<p>TAG Elektronik Bilgisayar Savunma Sistemleri Sanayi Ve Ticaret Limited \u015eirketi (&#8220;Our Company&#8221; or &#8220;We&#8221;), located at Ahlatl\u0131bel Mah. 1831. Cad. No:58 \u00c7ankaya \/ Ankara, 06805, T\u00fcrkiye, with email: info@foryoutag.com.tr and phone: +90 850 840 04 65, aims to provide transparency regarding the collection, use, processing, and disclosure of your personal information when you use our website, <a class=\"ng-star-inserted\" href=\"https:\/\/foryoutag.com.tr\/en\/\" target=\"_blank\" rel=\"noopener\">https:\/\/foryoutag.com.tr\/en\/<\/a> (\u201cService\u201d).<\/p><p>By accessing or using our Service, you explicitly consent to the collection, use, and disclosure of your information in accordance with this Privacy Policy. If you do not agree with this Policy, please do not access or use our Service.<\/p><p>We reserve the right to update and amend this Privacy Policy at any time without prior notice to you. The revised Privacy Policy will become effective 180 days after it is published on our Service. Your continued access or use of the Service after this period will signify your acceptance of the revised Privacy Policy. Therefore, we strongly recommend that you periodically review this page to stay informed of changes to our policy.<\/p>\t<\/div>\n<\/div>\t\t\t\t<\/div>\n\t\t\t\t<\/div>\n\t\t\t\t<div class=\"elementor-element elementor-element-35b01eee elementor-widget elementor-widget-pxl_text_editor\" data-id=\"35b01eee\" data-element_type=\"widget\" data-widget_type=\"pxl_text_editor.default\">\n\t\t\t\t<div class=\"elementor-widget-container\">\n\t\t\t\t\t<div class=\"pxl-text-editor wow fadeInUp\">\n\t<div class=\"pxl-item--inner \" data-wow-delay=\"200ms\">\n\t\t<p data-sourcepos=\"18:1-18:37\">How We Use Your Information:<\/p>\t<\/div>\n<\/div>\t\t\t\t<\/div>\n\t\t\t\t<\/div>\n\t\t\t\t<div class=\"elementor-element elementor-element-15f2f905 elementor-widget elementor-widget-pxl_text_editor\" data-id=\"15f2f905\" data-element_type=\"widget\" data-widget_type=\"pxl_text_editor.default\">\n\t\t\t\t<div class=\"elementor-widget-container\">\n\t\t\t\t\t<div class=\"pxl-text-editor wow fadeInUp\">\n\t<div class=\"pxl-item--inner \" data-wow-delay=\"300ms\">\n\t\t<p>We will use the personal information we collect from you for the following specific and legitimate purposes, in line with our company&#8217;s Mission, Vision, Quality Policy, and Information Security Policy:<\/p><ul><li><b>Collecting Customer Feedback:<\/b> To gather and analyze customer feedback to improve the quality of our products and services, ensure customer satisfaction, and achieve our continuous improvement goals.<\/li><li><b>Targeted Advertising and Marketing Activities:<\/b> To provide you with personalized marketing materials and promote our services, in compliance with relevant legal regulations (KVKK, GDPR, etc.) and with your consent.<\/li><li><b>Service Provision and Operational Processes:<\/b> To ensure the functionality of our website, provide the services you request, and manage our general operational processes.<\/li><li><b>Fulfilling Legal Obligations:<\/b> To meet our obligations arising from national and international regulations, legal requirements, and agreements to which we are subject.<\/li><\/ul><p>Should we wish to use your information for any purpose other than those stated above, we will seek your explicit consent and will only use your information for the approved purpose(s) after obtaining this consent, unless we are otherwise required to do so by law<\/p>\t<\/div>\n<\/div>\t\t\t\t<\/div>\n\t\t\t\t<\/div>\n\t\t\t\t<div class=\"elementor-element elementor-element-6bcdf69 elementor-widget elementor-widget-pxl_text_editor\" data-id=\"6bcdf69\" data-element_type=\"widget\" data-widget_type=\"pxl_text_editor.default\">\n\t\t\t\t<div class=\"elementor-widget-container\">\n\t\t\t\t\t<div class=\"pxl-text-editor wow fadeInUp\">\n\t<div class=\"pxl-item--inner \" data-wow-delay=\"200ms\">\n\t\t<p data-sourcepos=\"29:1-29:15\">Your Rights:<\/p>\t<\/div>\n<\/div>\t\t\t\t<\/div>\n\t\t\t\t<\/div>\n\t\t\t\t<div class=\"elementor-element elementor-element-759e9e1 elementor-widget elementor-widget-pxl_text_editor\" data-id=\"759e9e1\" data-element_type=\"widget\" data-widget_type=\"pxl_text_editor.default\">\n\t\t\t\t<div class=\"elementor-widget-container\">\n\t\t\t\t\t<div class=\"pxl-text-editor wow fadeInUp\">\n\t<div class=\"pxl-item--inner \" data-wow-delay=\"300ms\">\n\t\t<p>Subject to applicable personal data protection legislation (primarily Law No. 6698 on the Protection of Personal Data \u2013 KVKK and other relevant regulations), you may have various rights regarding your personal data. These rights may include:<\/p><ul><li><b>Accessing<\/b> your personal data and learning whether it has been processed, and if so, <b>requesting information<\/b>.<\/li><li>Requesting the <b>correction or updating<\/b> of your personal data.<\/li><li>Requesting the <b>deletion or destruction<\/b> of your personal data (when the relevant conditions are met).<\/li><li><b>Restricting<\/b> or <b>objecting<\/b> to the active processing of your personal data.<\/li><li>Requesting the <b>transfer (data portability)<\/b> of your personal information to another organization.<\/li><li><b>Withdrawing any consent<\/b> you have given us for processing your data (please note that withdrawal will not affect the lawfulness of processing based on consent prior to withdrawal).<\/li><li><b>Filing a complaint<\/b> with a competent supervisory authority (e.g., the Personal Data Protection Authority).<\/li><li>Other rights that may be relevant under applicable laws.<\/li><\/ul><p>To exercise these rights, please contact us in writing at <b>info@foryoutag.com.tr<\/b>. We will respond to your request as soon as possible, in accordance with applicable laws and our company&#8217;s data protection procedures.<\/p><p>Please note that if you do not allow us to collect or process the necessary personal information, or if you withdraw the processing consent you have given for the necessary purposes, you may not be able to access or fully use the Services or features you have requested.<\/p>\t<\/div>\n<\/div>\t\t\t\t<\/div>\n\t\t\t\t<\/div>\n\t\t\t\t<div class=\"elementor-element elementor-element-e39757e elementor-widget elementor-widget-pxl_text_editor\" data-id=\"e39757e\" data-element_type=\"widget\" data-widget_type=\"pxl_text_editor.default\">\n\t\t\t\t<div class=\"elementor-widget-container\">\n\t\t\t\t\t<div class=\"pxl-text-editor wow fadeInUp\">\n\t<div class=\"pxl-item--inner \" data-wow-delay=\"200ms\">\n\t\t<p data-sourcepos=\"46:1-46:37\">Cookies and Similar Technologies:<\/p>\t<\/div>\n<\/div>\t\t\t\t<\/div>\n\t\t\t\t<\/div>\n\t\t\t\t<div class=\"elementor-element elementor-element-79ce2c7 elementor-widget elementor-widget-pxl_text_editor\" data-id=\"79ce2c7\" data-element_type=\"widget\" data-widget_type=\"pxl_text_editor.default\">\n\t\t\t\t<div class=\"elementor-widget-container\">\n\t\t\t\t\t<div class=\"pxl-text-editor wow fadeInUp\">\n\t<div class=\"pxl-item--inner \" data-wow-delay=\"300ms\">\n\t\t<p data-sourcepos=\"31:1-31:236\">We use cookies and similar tracking technologies on our website. For more information on how we use them and how you can manage your preferences regarding these technologies, please refer to our <b>Cookie Policy<\/b>.<\/p>\t<\/div>\n<\/div>\t\t\t\t<\/div>\n\t\t\t\t<\/div>\n\t\t\t\t<div class=\"elementor-element elementor-element-96dfb3e elementor-widget elementor-widget-pxl_text_editor\" data-id=\"96dfb3e\" data-element_type=\"widget\" data-widget_type=\"pxl_text_editor.default\">\n\t\t\t\t<div class=\"elementor-widget-container\">\n\t\t\t\t\t<div class=\"pxl-text-editor wow fadeInUp\">\n\t<div class=\"pxl-item--inner \" data-wow-delay=\"200ms\">\n\t\t<p data-sourcepos=\"50:1-50:13\">Security:<\/p>\t<\/div>\n<\/div>\t\t\t\t<\/div>\n\t\t\t\t<\/div>\n\t\t\t\t<div class=\"elementor-element elementor-element-1f5d68f elementor-widget elementor-widget-pxl_text_editor\" data-id=\"1f5d68f\" data-element_type=\"widget\" data-widget_type=\"pxl_text_editor.default\">\n\t\t\t\t<div class=\"elementor-widget-container\">\n\t\t\t\t\t<div class=\"pxl-text-editor wow fadeInUp\">\n\t<div class=\"pxl-item--inner \" data-wow-delay=\"300ms\">\n\t\t<p data-sourcepos=\"31:1-31:236\">Bilgilerinizin g\u00fcvenli\u011fi bizim i\u00e7in kritik \u00f6neme sahiptir. ISO 27001 Bilgi G\u00fcvenli\u011fi Y\u00f6netim Sistemi prensipleri ve en iyi uygulamalar do\u011frultusunda, kontrol\u00fcm\u00fcz alt\u0131ndaki bilgilerinizin kaybolmas\u0131n\u0131, k\u00f6t\u00fcye kullan\u0131lmas\u0131n\u0131 veya yetkisiz olarak de\u011fi\u015ftirilmesini \u00f6nlemek i\u00e7in makul ve g\u00fcncel g\u00fcvenlik \u00f6nlemlerini uygulamaktay\u0131z. Ancak, internet \u00fczerinden yap\u0131lan veri iletiminin do\u011fas\u0131nda bulunan riskler g\u00f6z \u00f6n\u00fcne al\u0131nd\u0131\u011f\u0131nda, mutlak g\u00fcvenli\u011fi garanti edemeyiz. Bu nedenle, bize iletti\u011finiz herhangi bir bilginin g\u00fcvenli\u011fini tamamen sa\u011flayamay\u0131z veya garanti edemeyiz; bu i\u015flemleri kendi sorumlulu\u011funuzda yapars\u0131n\u0131z.<\/p>\t<\/div>\n<\/div>\t\t\t\t<\/div>\n\t\t\t\t<\/div>\n\t\t\t\t<div class=\"elementor-element elementor-element-66f68a5 elementor-widget elementor-widget-pxl_text_editor\" data-id=\"66f68a5\" data-element_type=\"widget\" data-widget_type=\"pxl_text_editor.default\">\n\t\t\t\t<div class=\"elementor-widget-container\">\n\t\t\t\t\t<div class=\"pxl-text-editor wow fadeInUp\">\n\t<div class=\"pxl-item--inner \" data-wow-delay=\"200ms\">\n\t\t<p data-sourcepos=\"54:1-54:36\">Complaint \/ Data Protection Officer:<\/p>\t<\/div>\n<\/div>\t\t\t\t<\/div>\n\t\t\t\t<\/div>\n\t\t\t\t<div class=\"elementor-element elementor-element-02fcb5a elementor-widget elementor-widget-pxl_text_editor\" data-id=\"02fcb5a\" data-element_type=\"widget\" data-widget_type=\"pxl_text_editor.default\">\n\t\t\t\t<div class=\"elementor-widget-container\">\n\t\t\t\t\t<div class=\"pxl-text-editor wow fadeInUp\">\n\t<div class=\"pxl-item--inner \" data-wow-delay=\"300ms\">\n\t\t<p>f you have any questions or concerns regarding the processing of your information by our company, please contact our Complaint Officer at the following contact details:<\/p><p><strong>TAG ELEKTRON\u0130K B\u0130LG\u0130SAYAR SAVUNMA S\u0130S. SAN. VE T\u0130C. LTD. \u015eT\u0130. <\/strong><br \/><strong>Address<\/strong>: Ahlatl\u0131bel Mah. 1831. Cad. No:58 \u00c7ankaya \/ Ankara, T\u00fcrkiye <br \/><strong>Email<\/strong>: info@foryoutag.com.tr<br \/><br \/>We commit to addressing your concerns diligently, in accordance with applicable laws and our company&#8217;s principles of transparency.<\/p>\t<\/div>\n<\/div>\t\t\t\t<\/div>\n\t\t\t\t<\/div>\n\t\t\t\t\t<\/div>\r\n\t\t\t\t<\/div>\r\n\t\t\t\t<\/div>\n\t\t","protected":false},"excerpt":{"rendered":"<p>Last Updated: May 15, 2025 Effective Date: May 15, 2025 TAG Elektronik Bilgisayar Savunma Sistemleri Sanayi Ve Ticaret Limited \u015eirketi (&#8220;Our Company&#8221; or &#8220;We&#8221;), located at Ahlatl\u0131bel Mah. 1831. Cad. No:58 \u00c7ankaya \/ Ankara, 06805, T\u00fcrkiye, with email: info@foryoutag.com.tr and phone: +90 850 840 04 65, aims to provide transparency regarding the collection, use, processing, [&hellip;]<\/p>\n","protected":false},"author":1,"featured_media":0,"parent":0,"menu_order":0,"comment_status":"closed","ping_status":"closed","template":"","meta":{"footnotes":""},"class_list":["post-12585","page","type-page","status-publish","hentry"],"_links":{"self":[{"href":"https:\/\/foryoutag.com.tr\/en\/wp-json\/wp\/v2\/pages\/12585","targetHints":{"allow":["GET"]}}],"collection":[{"href":"https:\/\/foryoutag.com.tr\/en\/wp-json\/wp\/v2\/pages"}],"about":[{"href":"https:\/\/foryoutag.com.tr\/en\/wp-json\/wp\/v2\/types\/page"}],"author":[{"embeddable":true,"href":"https:\/\/foryoutag.com.tr\/en\/wp-json\/wp\/v2\/users\/1"}],"replies":[{"embeddable":true,"href":"https:\/\/foryoutag.com.tr\/en\/wp-json\/wp\/v2\/comments?post=12585"}],"version-history":[{"count":20,"href":"https:\/\/foryoutag.com.tr\/en\/wp-json\/wp\/v2\/pages\/12585\/revisions"}],"predecessor-version":[{"id":13208,"href":"https:\/\/foryoutag.com.tr\/en\/wp-json\/wp\/v2\/pages\/12585\/revisions\/13208"}],"wp:attachment":[{"href":"https:\/\/foryoutag.com.tr\/en\/wp-json\/wp\/v2\/media?parent=12585"}],"curies":[{"name":"wp","href":"https:\/\/api.w.org\/{rel}","templated":true}]}}